{"id":2289,"date":"2026-05-11T17:15:21","date_gmt":"2026-05-11T17:15:21","guid":{"rendered":"https:\/\/successwithless.net\/index.php\/product\/makeup-kit-for-teen-girls-women-full-kit-beauty-train-case-with-starter-cosmetic-set-make-up-valentine-gift-box-with-eyeshadowlipglosshighlighterblushlipeye-pencilsbrush-morepurple\/"},"modified":"2026-05-11T17:15:41","modified_gmt":"2026-05-11T17:15:41","slug":"makeup-kit-for-teen-girls-women-full-kit-beauty-train-case-with-starter-cosmetic-set-make-up-valentine-gift-box-with-eyeshadowlipglosshighlighterblushlipeye-pencilsbrush-morepurple","status":"publish","type":"product","link":"https:\/\/successwithless.net\/index.php\/product\/makeup-kit-for-teen-girls-women-full-kit-beauty-train-case-with-starter-cosmetic-set-make-up-valentine-gift-box-with-eyeshadowlipglosshighlighterblushlipeye-pencilsbrush-morepurple\/","title":{"rendered":"Makeup Kit for Teen Girls &#038; Women Full Kit, Beauty Train Case with Starter Cosmetic Set, Make Up Valentine Gift Box with Eyeshadow,Lipgloss,Highlighter,Blush,Lip&#038;Eye Pencils,Brush &#038; More(Purple)"},"content":{"rendered":"<p>Price: <span style=\"color:#b12704\"><del>$25.99<\/del> - $29.50<\/span><br \/><i><small>(as of May 11, 2026 17:15:23 UTC &#8211; <span class=\"wp_automatic_amazon_disclaimer\" title=\"Product prices and availability are accurate as of the date\/time indicated and are subject to change. Any price and availability information displayed on [relevant Amazon Site(s), as applicable] at the time of purchase will apply to the purchase of this product.\">Details<\/span>)<\/small><\/i><\/p>\n<p><a href=\"https:\/\/amazon.com\/dp\/B0CHMHPNPY?tag=idelvix-20\"><img decoding=\"async\" src=\"https:\/\/valvepress.s3.amazonaws.com\/imgs\/buy_now.png\"><\/a><br \/>\n<\/p>\n<p>                                                 Product description   <\/p>\n<p>                                                  <img decoding=\"async\" alt=\"BEAUTY TRAIN CASE WITH MAKEUP KIT\" src=\"https:\/\/images-na.ssl-images-amazon.com\/images\/G\/01\/x-locale\/common\/grey-pixel.gif\" class=\"a-lazy-loaded\" data-src=\"https:\/\/m.media-amazon.com\/images\/S\/aplus-media-library-service-media\/daaa36db-eefc-426b-aa61-fbdf512942e2.__CR0,0,970,300_PT0_SX970_V1___.jpg\"><img decoding=\"async\" alt=\"BEAUTY TRAIN CASE WITH MAKEUP KIT\" src=\"https:\/\/m.media-amazon.com\/images\/S\/aplus-media-library-service-media\/daaa36db-eefc-426b-aa61-fbdf512942e2.__CR0,0,970,300_PT0_SX970_V1___.jpg\">  <\/p>\n<h3> BEAUTY TRAIN CASE WITH MAKEUP KIT <\/h3>\n<p> best gift for Christmas &amp; holidays! <\/p>\n<p>                                                                             <img decoding=\"async\" alt=\"CHARMCODE Beginner Beauty Train Case with Makeup Sets (Purple) - For Teen Girls &amp;amp; Women\" src=\"https:\/\/images-na.ssl-images-amazon.com\/images\/G\/01\/x-locale\/common\/grey-pixel.gif\" class=\"a-spacing-base a-lazy-loaded\" data-src=\"https:\/\/m.media-amazon.com\/images\/S\/aplus-media-library-service-media\/3a621ee4-0c47-4858-a979-fd319e43127a.__CR0,0,970,600_PT0_SX970_V1___.jpg\"><img decoding=\"async\" alt=\"CHARMCODE Beginner Beauty Train Case with Makeup Sets (Purple) - For Teen Girls &amp;amp; Women\" src=\"https:\/\/m.media-amazon.com\/images\/S\/aplus-media-library-service-media\/3a621ee4-0c47-4858-a979-fd319e43127a.__CR0,0,970,600_PT0_SX970_V1___.jpg\">                                         <\/p>\n<h3 class=\"a-spacing-mini\"> CHARMCODE Beginner Beauty Train Case with Makeup Sets (Purple) &#8211; For Teen Girls &amp; Women <\/h3>\n<p class=\"a-spacing-base\"> Designed for teens and women with different skin tones and types, this exquisite makeup set helps you perform full-service makeovers for both formal and informal occasions. Enjoy a extensive selection of eye shadows and liners, lipsticks, crayons and glosses, blush, contour, highlighters and more. <\/p>\n<p class=\"a-spacing-base\"> Whether you\u2019re glamming up your look with some smokey or rainbow eyes, experimenting with lip colors or perfecting your contour, our complete starter kit is a fun all-in-one solution. Pick up a case for your teen\u2019s upcoming birthday, or wrap it up in red and green for a fantastic Christmas present. <\/p>\n<p class=\"a-spacing-base\"> Whatever your need, rest easy knowing there\u2019s a tool for every application, a color for every look and a dependable case to carry it all. <\/p>\n<p>                                                                             <img decoding=\"async\" alt=\"WHAT YOU WILL GET ?\" src=\"https:\/\/images-na.ssl-images-amazon.com\/images\/G\/01\/x-locale\/common\/grey-pixel.gif\" class=\"a-spacing-base a-lazy-loaded\" data-src=\"https:\/\/m.media-amazon.com\/images\/S\/aplus-media-library-service-media\/ae9ae452-dc29-4641-b6d4-3dcb25ba68df.__CR0,0,970,600_PT0_SX970_V1___.jpg\"><img decoding=\"async\" alt=\"WHAT YOU WILL GET ?\" src=\"https:\/\/m.media-amazon.com\/images\/S\/aplus-media-library-service-media\/ae9ae452-dc29-4641-b6d4-3dcb25ba68df.__CR0,0,970,600_PT0_SX970_V1___.jpg\">                                         <\/p>\n<h3 class=\"a-spacing-mini\"> WHAT YOU WILL GET ? <\/h3>\n<p class=\"a-spacing-base\">\n<p>6 \u00d7 Eye Shadows Compact Palettes2 \u00d7 LipColor Compact Palettes2 \u00d7 Lip Pencils &amp; 2 \u00d7 Lip Glosses2 \u00d7 Eye Pencils &amp; 1 * Eyeliner Cream2 \u00d7 Blushers &amp; 2 Highlighters1 \u00d7 Contour &amp; 1 \u00d7 Concealer1 \u00d7 Brow Powder &amp; 1 \u00d7 Face Powder1 \u00d7 Mascara &amp; 7 * Makeup Brushes1 \u00d7 Reusable Aluminum Case with Attached Mirror     <\/p>\n<p>                                                                      <img decoding=\"async\" alt=\"Beauty Train Case with Complete Makeup Kit for Daily Makeup\" src=\"https:\/\/images-na.ssl-images-amazon.com\/images\/G\/01\/x-locale\/common\/grey-pixel.gif\" class=\"a-spacing-mini a-lazy-loaded\" data-src=\"https:\/\/m.media-amazon.com\/images\/S\/aplus-media-library-service-media\/02cb0454-4741-43e0-aa00-ae65396f08b3.__CR0,0,1000,1000_PT0_SX300_V1___.jpg\"><img decoding=\"async\" alt=\"Beauty Train Case with Complete Makeup Kit for Daily Makeup\" src=\"https:\/\/m.media-amazon.com\/images\/S\/aplus-media-library-service-media\/02cb0454-4741-43e0-aa00-ae65396f08b3.__CR0,0,1000,1000_PT0_SX300_V1___.jpg\">  <\/p>\n<h3 class=\"a-spacing-mini\"> Beauty Train Case with Complete Makeup Kit for Daily Makeup <\/h3>\n<p class=\"a-spacing-base\">\n<p>Portable stylish packaging, travel-friendly.Complete makeup kits to conveniently create a full look.Rich colors to spice up your look and light up your day.Buildable, blendable shades gentle on skin, easy to clean,Sent as an exquisite gift for your loved ones from teens to seniors.     <\/p>\n<p>                                                                      <img decoding=\"async\" alt=\"Complete Eye Makeup Sets\" src=\"https:\/\/images-na.ssl-images-amazon.com\/images\/G\/01\/x-locale\/common\/grey-pixel.gif\" class=\"a-spacing-mini a-lazy-loaded\" data-src=\"https:\/\/m.media-amazon.com\/images\/S\/aplus-media-library-service-media\/2c390a53-dae5-4c78-9ad7-a2dd0367721e.__CR0,0,1000,1000_PT0_SX300_V1___.jpg\"><img decoding=\"async\" alt=\"Complete Eye Makeup Sets\" src=\"https:\/\/m.media-amazon.com\/images\/S\/aplus-media-library-service-media\/2c390a53-dae5-4c78-9ad7-a2dd0367721e.__CR0,0,1000,1000_PT0_SX300_V1___.jpg\">  <\/p>\n<h3 class=\"a-spacing-mini\"> Complete Eye Makeup Sets <\/h3>\n<p class=\"a-spacing-base\">\n<p>6 well-selected eyeshadow compact &#8211; smoky, naked nudes, neutral, colorful, etc.Cute black mascara for getting long, full and extended eyelashes.2 eye pencils to be used as both eyeliners and brow pencils.1 eyeliner cream can also used as eye shadows.     <\/p>\n<p>                                                                      <img decoding=\"async\" alt=\"Complete Lip Makeup Sets\" src=\"https:\/\/images-na.ssl-images-amazon.com\/images\/G\/01\/x-locale\/common\/grey-pixel.gif\" class=\"a-spacing-mini a-lazy-loaded\" data-src=\"https:\/\/m.media-amazon.com\/images\/S\/aplus-media-library-service-media\/03b67e6c-3af3-4249-b468-8860764dc897.__CR0,0,1000,1000_PT0_SX300_V1___.jpg\"><img decoding=\"async\" alt=\"Complete Lip Makeup Sets\" src=\"https:\/\/m.media-amazon.com\/images\/S\/aplus-media-library-service-media\/03b67e6c-3af3-4249-b468-8860764dc897.__CR0,0,1000,1000_PT0_SX300_V1___.jpg\">  <\/p>\n<h3 class=\"a-spacing-mini\"> Complete Lip Makeup Sets <\/h3>\n<p class=\"a-spacing-base\">\n<p>2 curated lipcolor compact &#8211; pink, rosy, orange, red, burgundy, etc.2 slim lip pencil to line and define your lips.2 tubes of lip glosses for a soft lip makeup look.     <\/p>\n<p>                                                                      <img decoding=\"async\" alt=\"Complete Face Makeup Sets\" src=\"https:\/\/images-na.ssl-images-amazon.com\/images\/G\/01\/x-locale\/common\/grey-pixel.gif\" class=\"a-spacing-mini a-lazy-loaded\" data-src=\"https:\/\/m.media-amazon.com\/images\/S\/aplus-media-library-service-media\/06cd1753-ed04-468f-98d1-30c6cb24fd0e.__CR0,0,1000,1000_PT0_SX300_V1___.jpg\"><img decoding=\"async\" alt=\"Complete Face Makeup Sets\" src=\"https:\/\/m.media-amazon.com\/images\/S\/aplus-media-library-service-media\/06cd1753-ed04-468f-98d1-30c6cb24fd0e.__CR0,0,1000,1000_PT0_SX300_V1___.jpg\">  <\/p>\n<h3 class=\"a-spacing-mini\"> Complete Face Makeup Sets <\/h3>\n<p class=\"a-spacing-base\">\n<p>2 highlighter palette to customize your ultimate glow, add dimension.2 blushes to create a perfect natural healthy glow.Contour &amp; concealer for covering imperfection and sculpt your natural beauty.Eyebrow powder to enhance the texture and color of your eyebrows.Face powder for setting and finishing your makeup.     <\/p>\n<p>                                                                    <img decoding=\"async\" alt=\"\" src=\"https:\/\/images-na.ssl-images-amazon.com\/images\/G\/01\/x-locale\/common\/grey-pixel.gif\" class=\"a-lazy-loaded\" data-src=\"https:\/\/m.media-amazon.com\/images\/S\/aplus-media-library-service-media\/02cb0454-4741-43e0-aa00-ae65396f08b3.__CR0,0,1000,1000_PT0_SX300_V1___.jpg\"><img decoding=\"async\" alt=\"\" src=\"https:\/\/m.media-amazon.com\/images\/S\/aplus-media-library-service-media\/02cb0454-4741-43e0-aa00-ae65396f08b3.__CR0,0,1000,1000_PT0_SX300_V1___.jpg\">   <\/p>\n<p>\n                                                             Train Case with Daily Cosmetics   <\/p>\n<p>                                                                    <img decoding=\"async\" alt=\"\" src=\"https:\/\/images-na.ssl-images-amazon.com\/images\/G\/01\/x-locale\/common\/grey-pixel.gif\" class=\"a-lazy-loaded\" data-src=\"https:\/\/m.media-amazon.com\/images\/S\/aplus-media-library-service-media\/2c390a53-dae5-4c78-9ad7-a2dd0367721e.__CR0,0,1000,1000_PT0_SX300_V1___.jpg\"><img decoding=\"async\" alt=\"\" src=\"https:\/\/m.media-amazon.com\/images\/S\/aplus-media-library-service-media\/2c390a53-dae5-4c78-9ad7-a2dd0367721e.__CR0,0,1000,1000_PT0_SX300_V1___.jpg\">   <\/p>\n<p>\n                                                           Eye Makeup Kits   <\/p>\n<p>                                                                    <img decoding=\"async\" alt=\"\" src=\"https:\/\/images-na.ssl-images-amazon.com\/images\/G\/01\/x-locale\/common\/grey-pixel.gif\" class=\"a-lazy-loaded\" data-src=\"https:\/\/m.media-amazon.com\/images\/S\/aplus-media-library-service-media\/03b67e6c-3af3-4249-b468-8860764dc897.__CR0,0,1000,1000_PT0_SX300_V1___.jpg\"><img decoding=\"async\" alt=\"\" src=\"https:\/\/m.media-amazon.com\/images\/S\/aplus-media-library-service-media\/03b67e6c-3af3-4249-b468-8860764dc897.__CR0,0,1000,1000_PT0_SX300_V1___.jpg\">   <\/p>\n<p>\n                                                           Lip Makeup Kits   <\/p>\n<p>                                                                    <img decoding=\"async\" alt=\"\" src=\"https:\/\/images-na.ssl-images-amazon.com\/images\/G\/01\/x-locale\/common\/grey-pixel.gif\" class=\"a-lazy-loaded\" data-src=\"https:\/\/m.media-amazon.com\/images\/S\/aplus-media-library-service-media\/06cd1753-ed04-468f-98d1-30c6cb24fd0e.__CR0,0,1000,1000_PT0_SX300_V1___.jpg\"><img decoding=\"async\" alt=\"\" src=\"https:\/\/m.media-amazon.com\/images\/S\/aplus-media-library-service-media\/06cd1753-ed04-468f-98d1-30c6cb24fd0e.__CR0,0,1000,1000_PT0_SX300_V1___.jpg\">   <\/p>\n<p>\n                                                           Face Makeup Kits   <\/p>\n<h3 class=\"a-spacing-small\"> WHY CHOOSE US? <\/h3>\n<p class=\"apm-text-center\">\n                                                      <img decoding=\"async\" alt=\"Makeup Set\" src=\"https:\/\/images-na.ssl-images-amazon.com\/images\/G\/01\/x-locale\/common\/grey-pixel.gif\" class=\"a-spacing-mini a-lazy-loaded\" data-src=\"https:\/\/m.media-amazon.com\/images\/S\/aplus-media-library-service-media\/acda2962-66d9-46cc-beaf-abe6b19714d8.__CR57,121,833,833_PT0_SX300_V1___.jpg\"><img decoding=\"async\" alt=\"Makeup Set\" src=\"https:\/\/m.media-amazon.com\/images\/S\/aplus-media-library-service-media\/acda2962-66d9-46cc-beaf-abe6b19714d8.__CR57,121,833,833_PT0_SX300_V1___.jpg\">  <\/p>\n<\/p>\n<p>We have two optional stylish makeup cases to choose from.     <\/p>\n<p class=\"apm-text-center\">\n                                                      <img decoding=\"async\" alt=\"We have guaranteed quality pigments and rich colors.\" src=\"https:\/\/images-na.ssl-images-amazon.com\/images\/G\/01\/x-locale\/common\/grey-pixel.gif\" class=\"a-spacing-mini a-lazy-loaded\" data-src=\"https:\/\/m.media-amazon.com\/images\/S\/aplus-media-library-service-media\/567c8c59-2952-4680-9b42-dd090c18afef.__CR0,0,1000,1000_PT0_SX300_V1___.jpg\"><img decoding=\"async\" alt=\"We have guaranteed quality pigments and rich colors.\" src=\"https:\/\/m.media-amazon.com\/images\/S\/aplus-media-library-service-media\/567c8c59-2952-4680-9b42-dd090c18afef.__CR0,0,1000,1000_PT0_SX300_V1___.jpg\">  <\/p>\n<\/p>\n<p>We have guaranteed quality pigments and rich colors.     <\/p>\n<p class=\"apm-text-center\">\n                                                      <img decoding=\"async\" alt=\"We have durable and spacious train case for refill and storage.\" src=\"https:\/\/images-na.ssl-images-amazon.com\/images\/G\/01\/x-locale\/common\/grey-pixel.gif\" class=\"a-spacing-mini a-lazy-loaded\" data-src=\"https:\/\/m.media-amazon.com\/images\/S\/aplus-media-library-service-media\/73c34df7-ebc3-40c5-a635-09be3800b6ee.__CR0,0,1000,1000_PT0_SX300_V1___.jpg\"><img decoding=\"async\" alt=\"We have durable and spacious train case for refill and storage.\" src=\"https:\/\/m.media-amazon.com\/images\/S\/aplus-media-library-service-media\/73c34df7-ebc3-40c5-a635-09be3800b6ee.__CR0,0,1000,1000_PT0_SX300_V1___.jpg\">  <\/p>\n<\/p>\n<p>We have durable and spacious train case for refill and storage.     <\/p>\n<p>                                                                             <img decoding=\"async\" alt=\"Big Makeup Case with Makeup\" src=\"https:\/\/images-na.ssl-images-amazon.com\/images\/G\/01\/x-locale\/common\/grey-pixel.gif\" class=\"a-spacing-base a-lazy-loaded\" data-src=\"https:\/\/m.media-amazon.com\/images\/S\/aplus-media-library-service-media\/4b7badf3-ad0d-4544-b5ad-b83a2a75576b.__CR0,0,970,600_PT0_SX970_V1___.jpg\"><img decoding=\"async\" alt=\"Big Makeup Case with Makeup\" src=\"https:\/\/m.media-amazon.com\/images\/S\/aplus-media-library-service-media\/4b7badf3-ad0d-4544-b5ad-b83a2a75576b.__CR0,0,970,600_PT0_SX970_V1___.jpg\">                                                                    <\/p>\n<p>                         Add to Cart  <\/p>\n<p>                         Add to Cart  <\/p>\n<p>                         Add to Cart  <\/p>\n<p>                         Add to Cart  <\/p>\n<p>                         Add to Cart  <\/p>\n<p>                             Customer Reviews  <\/p>\n<p>                    4.4 out of 5 stars     1,347    <\/p>\n<p>                    4.6 out of 5 stars     60    <\/p>\n<p>                    4.4 out of 5 stars     50    <\/p>\n<p>                    3.9 out of 5 stars     19    <\/p>\n<p>                    4.5 out of 5 stars     535    <\/p>\n<p>                             Price  <\/p>\n<p>                                    $31.49$31.49                  $50.99$50.99                  $28.59$28.59                  $40.99$40.99                  $28.50$28.50           <\/p>\n<p>                             Giftable   <\/p>\n<p>                                              \u2713<\/p>\n<p>                                              \u2713<\/p>\n<p>                                              \u2713<\/p>\n<p>                                              \u2713<\/p>\n<p>                                              \u2713<\/p>\n<p>                             Finish Type<br \/>\n                                Matte, Glitter, Shimmer, Glossy, Smooth                Matte, Glitter, Shimmer, Glossy, Smooth                Matte, Glitter, Shimmer, Glossy, Smooth                Matte, Glitter, Shimmer, Glossy, Smooth                Matte, Glitter, Shimmer, Glossy, Smooth            <\/p>\n<p>                             Coverage<br \/>\n                                Full &amp; Buildable               Full &amp; Buildable               Full &amp; Buildable               Full &amp; Buildable               Full &amp; Buildable           <\/p>\n<p>                             Pigmentation<br \/>\n                                Highly-Pigmented                Highly-Pigmented                Highly-Pigmented                Highly-Pigmented                Highly-Pigmented            <\/p>\n<p>                             Longevity<br \/>\n                                Waterproof, Long Wearing                Waterproof, Long Wearing                Waterproof, Long Wearing                Waterproof, Long Wearing                Waterproof, Long Wearing            <\/p>\n<p>                             Skin Types<br \/>\n                                All Skin Types                All Skin Types                All Skin Types                All Skin Types                All Skin Types            <\/p>\n<p>                             Occasions<br \/>\n                                Daily, Holiday, Christmas, Halloween, Wedding, Dating, etc                Daily, Holiday, Christmas, Halloween, Wedding, Dating, etc                Daily, Holiday, Christmas, Halloween, Wedding, Dating, etc                Daily, Holiday, Christmas, Halloween, Wedding, Dating, etc                Daily, Holiday, Christmas, Halloween, Wedding, Dating, etc            <\/p>\n<p> Product Dimensions                                            \u200f                                            :                                            \u200e                                            10.24 x 7.87 x 3.39 inches; 2.25 Pounds   <br \/> Item model number                                            \u200f                                            :                                            \u200e                                            COHB008_02   <br \/> Manufacturer                                            \u200f                                            :                                            \u200e                                            CHARMCODE   <br \/> ASIN                                            \u200f                                            :                                            \u200e                                            B0CHMHPNPY   <br \/>       Best Sellers Rank:  #73,875 in Beauty &#038; Personal Care (See Top 100 in Beauty &#038; Personal Care)    #91 in Makeup Sets      <br \/>  Customer Reviews:                                                                                            4.5               4.5 out of 5 stars                                  (535)                                              var dpAcrHasRegisteredArcLinkClickAction;                    P.when(&#8216;A&#8217;, &#8216;ready&#8217;).execute(function(A) {                        if (dpAcrHasRegisteredArcLinkClickAction !== true) {                            dpAcrHasRegisteredArcLinkClickAction = true;                            A.declarative(                                &#8216;acrLink-click-metrics&#8217;, &#8216;click&#8217;,                                { &#8220;allowLinkDefault&#8221;: true },                                function (event) {                                    if (window.ue) {                                        ue.count(&#8220;acrLinkClickCount&#8221;, (ue.count(&#8220;acrLinkClickCount&#8221;) || 0) + 1);                                    }                                }                            );                        }                    });                                             P.when(&#8216;A&#8217;, &#8216;cf&#8217;).execute(function(A) {                A.declarative(&#8216;acrStarsLink-click-metrics&#8217;, &#8216;click&#8217;, { &#8220;allowLinkDefault&#8221; : true },  function(event){                    if(window.ue) {                        ue.count(&#8220;acrStarsLinkWithPopoverClickCount&#8221;, (ue.count(&#8220;acrStarsLinkWithPopoverClickCount&#8221;) || 0) + 1);                    }                });            });                          <\/p>\n<p>\u3010What You Will Get\u3011CHARMCODE trendy makeup sets includes 2 Eye Pencils, 2 Lip Pencils, 1 Mascara, 1 Face Powder Compact, , 4 Puff Applicators, 4 Brushes, 6 Eyeshadow Compact Palettes, 2 Blushes, 2 Highlighters, 1 Contour, 2 Lip Colors Compact Palettes, , 1 Brow Powder Compact, 1 Cream Eyeshadow Compact, 1 Cream Concealer Compact, 2 Tubes of Lip Cream Gels, 1 Reusable Aluminum Case and 1 Attached Mirror.<br \/>\u3010Basic Starter Kit for Girls &#038; Women\u3011This beauty box with all travel makeup kit for a full face makeup. Rich pigmented colors allows you easy to match different make-up styles and create exquisite makeup. Easy to apply and create clear and brilliant three-dimensional face makeup finish. Suitable for all skin tone.<br \/>\u3010Reusable Aluminum Case &#8211; Multi-Functional\u3011Cute Size: 10.2 x 7.9 x 3.4 inches\uff1bPortable &#038; Lockable with a top handle and latches. The durable &#038; spacious aluminum train case can be re-used as cosmetics storage box to store your makeup, beauty brushes, makeup tools, and also as jewelry organizers, craft storage, makeup display and more.<br \/>\u3010Makeup Shades &#8211; Vegan &#038; Cruelty Free\u3011All cosmetics are made with high quality and premium ingredients and gentle on skin. The shades ranging from matte to shimmer are blendable and smooth. All Shades are pigmented and waterproof and easy to blend without stimulating your skin. Importantly, all individual mini palettes are easy to take out from the box to use separately.<br \/>\u3010Perfect Assorted Makeup Gift-giving Set\u3011High quality exquisite gift for your loved ones, close friends, mother, partner, teenage daughter, teen niece and granddaughter on Christmas or any holidays. Choose this wonderful makeup set for guaranteed delight! This pretty compact cosmetic set is convenient to take to parties, theaters, cosplay shows, salon, dance performances or any other occasions.<br \/>\n<button id=\"nav-assist-product-summary\" role=\"button\" tabindex=\"-1\" class=\"nav-assistant-menu-item nav-assistant-link-item nav-assistant-keyboard-shortcut-item keyboard-shortcut-menu-container a-color-base a-color-link nav-assistant-link-button\" data-nav-assist-menu-item-index=\"13\" data-behavior=\"activate\" data-actuators='[{\"eventKey\":\"\u00ce\",\"eventCode\":\"KeyD\",\"isShiftRequired\":true},{\"eventKey\":\"\u2122\",\"eventCode\":\"KeyD\",\"isShiftRequired\":true},{\"eventKey\":\"\u2206\",\"eventCode\":\"KeyD\",\"isShiftRequired\":true},{\"eventKey\":\"D\",\"isShiftRequired\":true}]' data-target=\"#pqv-trigger\" data-modal-ignore='[data-cel-widget=\"pqv-dpx-widget-desktop\"]' aria-label=\"Product summary, shift, alt, d\" aria-describedby=\"nav-assist-shortcut-help\"><\/p>\n<div class=\"keyboard-shortcut-container\" aria-hidden=\"true\">\n          <span class=\"shortcut-name nav-assistant-card-font\">Product summary<\/span><\/p>\n<div class=\"shortcut-keys-container\" dir=\"ltr\">\n              <span class=\"shortcut-key nav-assistant-card-font font-color\">shift<\/span><br \/>\n              <span class=\"plus-sign-color\">+<\/span><br \/>\n              <span class=\"shortcut-key nav-assistant-card-font font-color\">alt<\/span><br \/>\n              <span class=\"plus-sign-color\">+<\/span><br \/>\n              <span class=\"shortcut-key nav-assistant-card-font font-color\">D<\/span><\/p><\/div>\n<\/p><\/div>\n<p>      <\/button><br \/>\n<br \/><\/p>\n","protected":false},"excerpt":{"rendered":"<p> Product description BEAUTY TRAIN CASE WITH MAKEUP KIT best gift for Christmas &amp; holidays! CHARMCODE Beginner Beauty Train Case with Makeup Sets (Purple) &#8211; For Teen Girls &amp; Women Designed for teens and women with different skin tones and types, this exquisite makeup set helps you perform full-service makeovers for [&hellip;]<\/p>\n","protected":false},"featured_media":2290,"comment_status":"open","ping_status":"closed","template":"","meta":{"_gspb_post_css":""},"product_brand":[],"product_cat":[139],"product_tag":[],"class_list":{"0":"post-2289","1":"product","2":"type-product","3":"status-publish","4":"has-post-thumbnail","6":"product_cat-makeup-cosmetics","8":"first","9":"instock","10":"shipping-taxable","11":"product-type-external"},"_links":{"self":[{"href":"https:\/\/successwithless.net\/index.php\/wp-json\/wp\/v2\/product\/2289","targetHints":{"allow":["GET"]}}],"collection":[{"href":"https:\/\/successwithless.net\/index.php\/wp-json\/wp\/v2\/product"}],"about":[{"href":"https:\/\/successwithless.net\/index.php\/wp-json\/wp\/v2\/types\/product"}],"replies":[{"embeddable":true,"href":"https:\/\/successwithless.net\/index.php\/wp-json\/wp\/v2\/comments?post=2289"}],"wp:featuredmedia":[{"embeddable":true,"href":"https:\/\/successwithless.net\/index.php\/wp-json\/wp\/v2\/media\/2290"}],"wp:attachment":[{"href":"https:\/\/successwithless.net\/index.php\/wp-json\/wp\/v2\/media?parent=2289"}],"wp:term":[{"taxonomy":"product_brand","embeddable":true,"href":"https:\/\/successwithless.net\/index.php\/wp-json\/wp\/v2\/product_brand?post=2289"},{"taxonomy":"product_cat","embeddable":true,"href":"https:\/\/successwithless.net\/index.php\/wp-json\/wp\/v2\/product_cat?post=2289"},{"taxonomy":"product_tag","embeddable":true,"href":"https:\/\/successwithless.net\/index.php\/wp-json\/wp\/v2\/product_tag?post=2289"}],"curies":[{"name":"wp","href":"https:\/\/api.w.org\/{rel}","templated":true}]}}